{"id":914,"date":"2024-10-03T07:48:34","date_gmt":"2024-10-03T07:48:34","guid":{"rendered":"https:\/\/mieuxvivremarvejols.fr\/?page_id=914"},"modified":"2025-01-07T14:45:34","modified_gmt":"2025-01-07T14:45:34","slug":"adherer","status":"publish","type":"page","link":"https:\/\/mieuxvivremarvejols.fr\/index.php\/adherer\/","title":{"rendered":"Adh\u00e9rer"},"content":{"rendered":"\t\t<div data-elementor-type=\"wp-page\" data-elementor-id=\"914\" class=\"elementor elementor-914\" data-elementor-post-type=\"page\">\n\t\t\t\t<div class=\"elementor-element elementor-element-337bfb3 e-flex e-con-boxed e-con e-parent\" data-id=\"337bfb3\" data-element_type=\"container\" data-e-type=\"container\">\n\t\t\t\t\t<div class=\"e-con-inner\">\n\t\t\t\t<div class=\"elementor-element elementor-element-9468fc4 elementor-widget elementor-widget-heading\" data-id=\"9468fc4\" data-element_type=\"widget\" data-e-type=\"widget\" data-widget_type=\"heading.default\">\n\t\t\t\t<div class=\"elementor-widget-container\">\n\t\t\t\t\t<h1 class=\"elementor-heading-title elementor-size-default\">Association MIEUX  VIVRE MARVEJOLS<\/h1>\t\t\t\t<\/div>\n\t\t\t\t<\/div>\n\t\t\t\t<div class=\"elementor-element elementor-element-4fb36f8 elementor-widget elementor-widget-text-editor\" data-id=\"4fb36f8\" data-element_type=\"widget\" data-e-type=\"widget\" data-widget_type=\"text-editor.default\">\n\t\t\t\t<div class=\"elementor-widget-container\">\n\t\t\t\t\t\t\t\t\t<p><em>Association loi 1901, d\u00e9clar\u00e9e sous le num\u00e9ro: W482005976<\/em><\/p><h2><b>&#8211; OBJET &#8211;<\/b><\/h2><p><span style=\"text-decoration: underline;\"><strong>R\u00e9unir<\/strong><\/span> tous les acteurs locaux, experts, citoyens, et d\u00e9cideurs afin de r\u00e9fl\u00e9chir, promouvoir, et co-construire des solutions innovantes pour am\u00e9liorer la qualit\u00e9 de vie dans les territoires ;<br \/><span style=\"text-decoration: underline;\"><strong>Mener<\/strong><\/span><span style=\"text-decoration: underline;\"><strong> des \u00e9tudes<\/strong><\/span>, organiser des d\u00e9bats, et proposer des recommandations dans les domaines de l&rsquo;urbanisme, de l&rsquo;environnement, de la mobilit\u00e9, de l&rsquo;\u00e9cologie et du d\u00e9veloppement \u00e9conomique local ;<br \/><span style=\"text-decoration: underline;\"><strong>\u00catre un espace de r\u00e9flexion<\/strong><\/span> pluridisciplinaire, visant \u00e0 favoriser le dialogue entre les parties prenantes et \u00e0 inspirer les politiques publiques territoriales pour un d\u00e9veloppement durable, \u00e9cologique, inclusif et \u00e9quilibr\u00e9.<\/p>\t\t\t\t\t\t\t\t<\/div>\n\t\t\t\t<\/div>\n\t\t\t\t<div class=\"elementor-element elementor-element-4a2e217 elementor-widget-divider--view-line_icon elementor-view-default elementor-widget-divider--element-align-center elementor-widget elementor-widget-divider\" data-id=\"4a2e217\" data-element_type=\"widget\" data-e-type=\"widget\" data-widget_type=\"divider.default\">\n\t\t\t\t<div class=\"elementor-widget-container\">\n\t\t\t\t\t\t\t<div class=\"elementor-divider\">\n\t\t\t<span class=\"elementor-divider-separator\">\n\t\t\t\t\t\t\t<div class=\"elementor-icon elementor-divider__element\">\n\t\t\t\t\t<svg aria-hidden=\"true\" class=\"e-font-icon-svg e-fas-scroll\" viewBox=\"0 0 640 512\" xmlns=\"http:\/\/www.w3.org\/2000\/svg\"><path d=\"M48 0C21.53 0 0 21.53 0 48v64c0 8.84 7.16 16 16 16h80V48C96 21.53 74.47 0 48 0zm208 412.57V352h288V96c0-52.94-43.06-96-96-96H111.59C121.74 13.41 128 29.92 128 48v368c0 38.87 34.65 69.65 74.75 63.12C234.22 474 256 444.46 256 412.57zM288 384v32c0 52.93-43.06 96-96 96h336c61.86 0 112-50.14 112-112 0-8.84-7.16-16-16-16H288z\"><\/path><\/svg><\/div>\n\t\t\t\t\t\t<\/span>\n\t\t<\/div>\n\t\t\t\t\t\t<\/div>\n\t\t\t\t<\/div>\n\t\t\t\t\t<\/div>\n\t\t\t\t<\/div>\n\t\t<div class=\"elementor-element elementor-element-72e8150 e-flex e-con-boxed e-con e-parent\" data-id=\"72e8150\" data-element_type=\"container\" data-e-type=\"container\">\n\t\t\t\t\t<div class=\"e-con-inner\">\n\t\t\t\t<div class=\"elementor-element elementor-element-e7c846d elementor-widget elementor-widget-heading\" data-id=\"e7c846d\" data-element_type=\"widget\" data-e-type=\"widget\" data-widget_type=\"heading.default\">\n\t\t\t\t<div class=\"elementor-widget-container\">\n\t\t\t\t\t<h1 class=\"elementor-heading-title elementor-size-default\">Adh\u00e9rer<\/h1>\t\t\t\t<\/div>\n\t\t\t\t<\/div>\n\t\t\t\t<div class=\"elementor-element elementor-element-0b7ed02 elementor-widget elementor-widget-wpforms\" data-id=\"0b7ed02\" data-element_type=\"widget\" data-e-type=\"widget\" data-widget_type=\"wpforms.default\">\n\t\t\t\t<div class=\"elementor-widget-container\">\n\t\t\t\t\t<style id=\"wpforms-css-vars-elementor-widget-0b7ed02\">\n\t\t\t\t.elementor-widget-wpforms.elementor-element-0b7ed02 {\n\t\t\t\t--wpforms-field-size-input-height: 43px;\n--wpforms-field-size-input-spacing: 15px;\n--wpforms-field-size-font-size: 16px;\n--wpforms-field-size-line-height: 19px;\n--wpforms-field-size-padding-h: 14px;\n--wpforms-field-size-checkbox-size: 16px;\n--wpforms-field-size-sublabel-spacing: 5px;\n--wpforms-field-size-icon-size: 1;\n--wpforms-label-size-font-size: 16px;\n--wpforms-label-size-line-height: 19px;\n--wpforms-label-size-sublabel-font-size: 14px;\n--wpforms-label-size-sublabel-line-height: 17px;\n--wpforms-button-size-font-size: 17px;\n--wpforms-button-size-height: 41px;\n--wpforms-button-size-padding-h: 15px;\n--wpforms-button-size-margin-top: 10px;\n\n\t\t\t}\n\t\t\t<\/style><div class=\"wpforms-container wpforms-container-full wpforms-stripe wpforms-render-modern\" id=\"wpforms-950\"><form id=\"wpforms-form-950\" class=\"wpforms-validate wpforms-form wpforms-ajax-form\" data-formid=\"950\" method=\"post\" enctype=\"multipart\/form-data\" action=\"\/index.php\/wp-json\/wp\/v2\/pages\/914\" data-token=\"28bd747113a5afaa9c0873316841386e\" data-token-time=\"1778061286\"><noscript class=\"wpforms-error-noscript\">Veuillez activer JavaScript dans votre navigateur pour remplir ce formulaire.<\/noscript><div class=\"wpforms-hidden\" id=\"wpforms-error-noscript\">Veuillez activer JavaScript dans votre navigateur pour remplir ce formulaire.<\/div><div class=\"wpforms-field-container\"><div id=\"wpforms-950-field_1-container\" class=\"wpforms-field wpforms-field-name\" data-field-id=\"1\"><fieldset><legend class=\"wpforms-field-label\">Nom <span class=\"wpforms-required-label\" aria-hidden=\"true\">*<\/span><\/legend><div class=\"wpforms-field-row wpforms-field-medium\"><div class=\"wpforms-field-row-block wpforms-first wpforms-one-half\"><input type=\"text\" id=\"wpforms-950-field_1\" class=\"wpforms-field-name-first wpforms-field-required\" name=\"wpforms[fields][1][first]\" value=\"Pr\u00e9nom\" aria-errormessage=\"wpforms-950-field_1-error\" required><label for=\"wpforms-950-field_1\" class=\"wpforms-field-sublabel after wpforms-sublabel-hide\">Pr\u00e9nom<\/label><\/div><div class=\"wpforms-field-row-block wpforms-one-half\"><input type=\"text\" id=\"wpforms-950-field_1-last\" class=\"wpforms-field-name-last wpforms-field-required\" name=\"wpforms[fields][1][last]\" value=\"Nom\" aria-errormessage=\"wpforms-950-field_1-last-error\" required><label for=\"wpforms-950-field_1-last\" class=\"wpforms-field-sublabel after wpforms-sublabel-hide\">Nom<\/label><\/div><\/div><\/fieldset><\/div><div id=\"wpforms-950-field_16-container\" class=\"wpforms-field wpforms-field-email\" data-field-id=\"16\"><label class=\"wpforms-field-label\" for=\"wpforms-950-field_16\">E-mail <span class=\"wpforms-required-label\" aria-hidden=\"true\">*<\/span><\/label><input type=\"email\" id=\"wpforms-950-field_16\" class=\"wpforms-field-medium wpforms-field-required\" name=\"wpforms[fields][16]\" spellcheck=\"false\" aria-errormessage=\"wpforms-950-field_16-error\" required><\/div><div id=\"wpforms-950-field_11-container\" class=\"wpforms-field wpforms-field-payment-multiple\" data-field-id=\"11\"><fieldset><legend class=\"wpforms-field-label\">Adh\u00e9sion en qualit\u00e9 de  <span class=\"wpforms-required-label\" aria-hidden=\"true\">*<\/span><\/legend><ul id=\"wpforms-950-field_11\" class=\"wpforms-field-required\"><li class=\"choice-1\"><input type=\"radio\" id=\"wpforms-950-field_11_1\" class=\"wpforms-payment-price\" data-amount=\"10,00\" name=\"wpforms[fields][11]\" value=\"1\" aria-errormessage=\"wpforms-950-field_11_1-error\" required ><label class=\"wpforms-field-label-inline\" for=\"wpforms-950-field_11_1\">Membre cotisation 10 \u20ac<\/label><\/li><li class=\"choice-2\"><input type=\"radio\" id=\"wpforms-950-field_11_2\" class=\"wpforms-payment-price\" data-amount=\"50,00\" name=\"wpforms[fields][11]\" value=\"2\" aria-errormessage=\"wpforms-950-field_11_2-error\" required ><label class=\"wpforms-field-label-inline\" for=\"wpforms-950-field_11_2\">Bienfaiteur cotisation 50 \u20ac<\/label><\/li><\/ul><\/fieldset><\/div><div id=\"wpforms-950-field_5-container\" class=\"wpforms-field wpforms-field-checkbox\" data-field-id=\"5\"><fieldset><legend class=\"wpforms-field-label\">Je d\u00e9clare <span class=\"wpforms-required-label\" aria-hidden=\"true\">*<\/span><\/legend><ul id=\"wpforms-950-field_5\" class=\"wpforms-field-required\"><li class=\"choice-1 depth-1\"><input type=\"checkbox\" id=\"wpforms-950-field_5_1\" name=\"wpforms[fields][5][]\" value=\"Avoir pris connaissance et accepter les status de l&#039;association\" aria-errormessage=\"wpforms-950-field_5_1-error\" required ><label class=\"wpforms-field-label-inline\" for=\"wpforms-950-field_5_1\">Avoir pris connaissance et accepter les status de l'association<\/label><\/li><li class=\"choice-2 depth-1\"><input type=\"checkbox\" id=\"wpforms-950-field_5_2\" name=\"wpforms[fields][5][]\" value=\"Accepter de recevoir par e-mail les informations et communications en provenance de l&#039;association\" aria-errormessage=\"wpforms-950-field_5_2-error\" required ><label class=\"wpforms-field-label-inline\" for=\"wpforms-950-field_5_2\">Accepter de recevoir par e-mail les informations et communications en provenance de l'association<\/label><\/li><\/ul><\/fieldset><\/div><div id=\"wpforms-950-field_14-container\" class=\"wpforms-field wpforms-field-stripe-credit-card\" data-field-id=\"14\"><label class=\"wpforms-field-label\">Carte Bancaire via Stripe <span class=\"wpforms-required-label\" aria-hidden=\"true\">*<\/span><\/label><div class=\"wpforms-field-row wpforms-no-columns wpforms-field-medium \" data-sublabel-position=\"floating\" data-link-email=\"16\" data-required=\"1\"><div id=\"wpforms-field-stripe-payment-element-950\"><\/div><input type=\"text\" class=\"wpforms-stripe-credit-card-hidden-input\" name=\"wpforms[stripe-credit-card-hidden-input-950]\" disabled style=\"display: none;\"><\/div><\/div><\/div><!-- .wpforms-field-container --><div class=\"wpforms-submit-container\" ><input type=\"hidden\" name=\"wpforms[id]\" value=\"950\"><input type=\"hidden\" name=\"page_title\" value=\"\"><input type=\"hidden\" name=\"page_url\" value=\"https:\/\/mieuxvivremarvejols.fr\/index.php\/wp-json\/wp\/v2\/pages\/914\"><input type=\"hidden\" name=\"url_referer\" value=\"\"><button type=\"submit\" name=\"wpforms[submit]\" id=\"wpforms-submit-950\" class=\"wpforms-submit\" data-alt-text=\"Validation en cours ...\" data-submit-text=\"Valider\" aria-live=\"assertive\" value=\"wpforms-submit\">Valider<\/button><img decoding=\"async\" src=\"https:\/\/mieuxvivremarvejols.fr\/wp-content\/plugins\/wpforms-lite\/assets\/images\/submit-spin.svg\" class=\"wpforms-submit-spinner\" style=\"display: none;\" width=\"26\" height=\"26\" alt=\"Chargement en cours\"><\/div><\/form><\/div>  <!-- .wpforms-container -->\t\t\t\t<\/div>\n\t\t\t\t<\/div>\n\t\t\t\t\t<\/div>\n\t\t\t\t<\/div>\n\t\t\t\t<\/div>\n\t\t","protected":false},"excerpt":{"rendered":"<p>Association MIEUX VIVRE MARVEJOLS Association loi 1901, d\u00e9clar\u00e9e sous le num\u00e9ro: W482005976 &#8211; OBJET &#8211; R\u00e9unir tous les acteurs locaux, experts, citoyens, et d\u00e9cideurs afin de r\u00e9fl\u00e9chir, promouvoir, et co-construire des solutions innovantes pour am\u00e9liorer la qualit\u00e9 de vie dans les territoires ;Mener des \u00e9tudes, organiser des d\u00e9bats, et proposer des recommandations dans les domaines [&hellip;]<\/p>\n","protected":false},"author":1,"featured_media":0,"parent":0,"menu_order":0,"comment_status":"closed","ping_status":"closed","template":"","meta":{"ocean_post_layout":"right-sidebar","ocean_both_sidebars_style":"","ocean_both_sidebars_content_width":0,"ocean_both_sidebars_sidebars_width":0,"ocean_sidebar":"ocs-col-lat-adhesion","ocean_second_sidebar":"","ocean_disable_margins":"enable","ocean_add_body_class":"","ocean_shortcode_before_top_bar":"","ocean_shortcode_after_top_bar":"","ocean_shortcode_before_header":"","ocean_shortcode_after_header":"","ocean_has_shortcode":"","ocean_shortcode_after_title":"","ocean_shortcode_before_footer_widgets":"","ocean_shortcode_after_footer_widgets":"","ocean_shortcode_before_footer_bottom":"","ocean_shortcode_after_footer_bottom":"","ocean_display_top_bar":"off","ocean_display_header":"default","ocean_header_style":"","ocean_center_header_left_menu":"","ocean_custom_header_template":"","ocean_custom_logo":0,"ocean_custom_retina_logo":0,"ocean_custom_logo_max_width":0,"ocean_custom_logo_tablet_max_width":0,"ocean_custom_logo_mobile_max_width":0,"ocean_custom_logo_max_height":0,"ocean_custom_logo_tablet_max_height":0,"ocean_custom_logo_mobile_max_height":0,"ocean_header_custom_menu":"22","ocean_menu_typo_font_family":"","ocean_menu_typo_font_subset":"","ocean_menu_typo_font_size":0,"ocean_menu_typo_font_size_tablet":0,"ocean_menu_typo_font_size_mobile":0,"ocean_menu_typo_font_size_unit":"px","ocean_menu_typo_font_weight":"","ocean_menu_typo_font_weight_tablet":"","ocean_menu_typo_font_weight_mobile":"","ocean_menu_typo_transform":"","ocean_menu_typo_transform_tablet":"","ocean_menu_typo_transform_mobile":"","ocean_menu_typo_line_height":0,"ocean_menu_typo_line_height_tablet":0,"ocean_menu_typo_line_height_mobile":0,"ocean_menu_typo_line_height_unit":"","ocean_menu_typo_spacing":0,"ocean_menu_typo_spacing_tablet":0,"ocean_menu_typo_spacing_mobile":0,"ocean_menu_typo_spacing_unit":"","ocean_menu_link_color":"","ocean_menu_link_color_hover":"","ocean_menu_link_color_active":"","ocean_menu_link_background":"","ocean_menu_link_hover_background":"","ocean_menu_link_active_background":"","ocean_menu_social_links_bg":"","ocean_menu_social_hover_links_bg":"","ocean_menu_social_links_color":"","ocean_menu_social_hover_links_color":"","ocean_disable_title":"on","ocean_disable_heading":"default","ocean_post_title":"","ocean_post_subheading":"","ocean_post_title_style":"","ocean_post_title_background_color":"","ocean_post_title_background":0,"ocean_post_title_bg_image_position":"","ocean_post_title_bg_image_attachment":"","ocean_post_title_bg_image_repeat":"","ocean_post_title_bg_image_size":"","ocean_post_title_height":0,"ocean_post_title_bg_overlay":0.5,"ocean_post_title_bg_overlay_color":"","ocean_disable_breadcrumbs":"off","ocean_breadcrumbs_color":"","ocean_breadcrumbs_separator_color":"","ocean_breadcrumbs_links_color":"","ocean_breadcrumbs_links_hover_color":"","ocean_display_footer_widgets":"off","ocean_display_footer_bottom":"off","ocean_custom_footer_template":"","omw_enable_modal_window":"enable","ofc_meta_disable_footer_callout":"enable","ofc_meta_callout_button_url":"","ofc_meta_callout_button_txt":"","ofc_meta_callout_text":"","ofc_enable_fullscreen":"disable","ofc_fullscreen_speed":0,"ofc_fullscreen_nav":"enable","ofc_fullscreen_nav_pos":"right","ofc_fullscreen_nav_color":"","ofc_fullscreen_nav_tooltip_color":"","ofc_fullscreen_responsive":0,"osp_disable_panel":"off","osh_disable_topbar_sticky":"default","osh_disable_header_sticky":"default","osh_sticky_header_style":"default","osh_sticky_header_effect":"","osh_custom_sticky_logo":0,"osh_custom_retina_sticky_logo":0,"osh_custom_sticky_logo_height":0,"osh_background_color":"","osh_links_color":"","osh_links_hover_color":"","osh_links_active_color":"","osh_links_bg_color":"","osh_links_hover_bg_color":"","osh_links_active_bg_color":"","osh_menu_social_links_color":"","osh_menu_social_hover_links_color":"","footnotes":""},"class_list":["post-914","page","type-page","status-publish","hentry","entry"],"_links":{"self":[{"href":"https:\/\/mieuxvivremarvejols.fr\/index.php\/wp-json\/wp\/v2\/pages\/914"}],"collection":[{"href":"https:\/\/mieuxvivremarvejols.fr\/index.php\/wp-json\/wp\/v2\/pages"}],"about":[{"href":"https:\/\/mieuxvivremarvejols.fr\/index.php\/wp-json\/wp\/v2\/types\/page"}],"author":[{"embeddable":true,"href":"https:\/\/mieuxvivremarvejols.fr\/index.php\/wp-json\/wp\/v2\/users\/1"}],"replies":[{"embeddable":true,"href":"https:\/\/mieuxvivremarvejols.fr\/index.php\/wp-json\/wp\/v2\/comments?post=914"}],"version-history":[{"count":54,"href":"https:\/\/mieuxvivremarvejols.fr\/index.php\/wp-json\/wp\/v2\/pages\/914\/revisions"}],"predecessor-version":[{"id":1759,"href":"https:\/\/mieuxvivremarvejols.fr\/index.php\/wp-json\/wp\/v2\/pages\/914\/revisions\/1759"}],"wp:attachment":[{"href":"https:\/\/mieuxvivremarvejols.fr\/index.php\/wp-json\/wp\/v2\/media?parent=914"}],"curies":[{"name":"wp","href":"https:\/\/api.w.org\/{rel}","templated":true}]}}