{"id":1053,"date":"2024-10-04T12:56:40","date_gmt":"2024-10-04T12:56:40","guid":{"rendered":"https:\/\/mieuxvivremarvejols.fr\/?page_id=1053"},"modified":"2025-02-04T19:42:14","modified_gmt":"2025-02-04T19:42:14","slug":"dossiers","status":"publish","type":"page","link":"https:\/\/mieuxvivremarvejols.fr\/index.php\/dossiers\/","title":{"rendered":"Dossiers"},"content":{"rendered":"\t\t<div data-elementor-type=\"wp-page\" data-elementor-id=\"1053\" class=\"elementor elementor-1053\" data-elementor-post-type=\"page\">\n\t\t\t\t<div class=\"elementor-element elementor-element-8922299 e-flex e-con-boxed e-con e-parent\" data-id=\"8922299\" data-element_type=\"container\" data-e-type=\"container\">\n\t\t\t\t\t<div class=\"e-con-inner\">\n\t\t\t\t<div class=\"elementor-element elementor-element-5119a92 elementor-widget elementor-widget-image\" data-id=\"5119a92\" data-element_type=\"widget\" data-e-type=\"widget\" data-widget_type=\"image.default\">\n\t\t\t\t<div class=\"elementor-widget-container\">\n\t\t\t\t\t\t\t\t\t\t\t\t\t\t\t<img fetchpriority=\"high\" decoding=\"async\" width=\"1024\" height=\"220\" src=\"https:\/\/mieuxvivremarvejols.fr\/wp-content\/uploads\/2024\/12\/banner-dossiers_1-1024x220.png\" class=\"attachment-large size-large wp-image-1218\" alt=\"\" srcset=\"https:\/\/mieuxvivremarvejols.fr\/wp-content\/uploads\/2024\/12\/banner-dossiers_1-1024x220.png 1024w, https:\/\/mieuxvivremarvejols.fr\/wp-content\/uploads\/2024\/12\/banner-dossiers_1-300x64.png 300w, https:\/\/mieuxvivremarvejols.fr\/wp-content\/uploads\/2024\/12\/banner-dossiers_1-768x165.png 768w, https:\/\/mieuxvivremarvejols.fr\/wp-content\/uploads\/2024\/12\/banner-dossiers_1.png 1459w\" sizes=\"(max-width: 1024px) 100vw, 1024px\" \/>\t\t\t\t\t\t\t\t\t\t\t\t\t\t\t<\/div>\n\t\t\t\t<\/div>\n\t\t\t\t\t<\/div>\n\t\t\t\t<\/div>\n\t\t<div class=\"elementor-element elementor-element-4feba45 e-flex e-con-boxed e-con e-parent\" data-id=\"4feba45\" data-element_type=\"container\" data-e-type=\"container\">\n\t\t\t\t\t<div class=\"e-con-inner\">\n\t\t\t\t<div class=\"elementor-element elementor-element-7c6dc71 elementor-widget elementor-widget-heading\" data-id=\"7c6dc71\" data-element_type=\"widget\" data-e-type=\"widget\" data-widget_type=\"heading.default\">\n\t\t\t\t<div class=\"elementor-widget-container\">\n\t\t\t\t\t<h1 class=\"elementor-heading-title elementor-size-default\">Il n'y a pas de petits ou grands dossiers tout est important pour Mieux Vivre dans la cit\u00e9.<\/h1>\t\t\t\t<\/div>\n\t\t\t\t<\/div>\n\t\t\t\t<div class=\"elementor-element elementor-element-d7149ab elementor-widget-divider--view-line_icon elementor-view-default elementor-widget-divider--element-align-center elementor-widget elementor-widget-divider\" data-id=\"d7149ab\" data-element_type=\"widget\" data-e-type=\"widget\" data-widget_type=\"divider.default\">\n\t\t\t\t<div class=\"elementor-widget-container\">\n\t\t\t\t\t\t\t<div class=\"elementor-divider\">\n\t\t\t<span class=\"elementor-divider-separator\">\n\t\t\t\t\t\t\t<div class=\"elementor-icon elementor-divider__element\">\n\t\t\t\t\t<svg aria-hidden=\"true\" class=\"e-font-icon-svg e-fas-scroll\" viewBox=\"0 0 640 512\" xmlns=\"http:\/\/www.w3.org\/2000\/svg\"><path d=\"M48 0C21.53 0 0 21.53 0 48v64c0 8.84 7.16 16 16 16h80V48C96 21.53 74.47 0 48 0zm208 412.57V352h288V96c0-52.94-43.06-96-96-96H111.59C121.74 13.41 128 29.92 128 48v368c0 38.87 34.65 69.65 74.75 63.12C234.22 474 256 444.46 256 412.57zM288 384v32c0 52.93-43.06 96-96 96h336c61.86 0 112-50.14 112-112 0-8.84-7.16-16-16-16H288z\"><\/path><\/svg><\/div>\n\t\t\t\t\t\t<\/span>\n\t\t<\/div>\n\t\t\t\t\t\t<\/div>\n\t\t\t\t<\/div>\n\t\t\t\t\t<\/div>\n\t\t\t\t<\/div>\n\t\t<div class=\"elementor-element elementor-element-9556538 e-flex e-con-boxed e-con e-parent\" data-id=\"9556538\" data-element_type=\"container\" data-e-type=\"container\" data-settings=\"{&quot;background_background&quot;:&quot;classic&quot;}\">\n\t\t\t\t\t<div class=\"e-con-inner\">\n\t\t\t\t<div class=\"elementor-element elementor-element-a0ed41d elementor-widget__width-inherit elementor-widget elementor-widget-oew-blog-grid\" data-id=\"a0ed41d\" data-element_type=\"widget\" data-e-type=\"widget\" data-widget_type=\"oew-blog-grid.default\">\n\t\t\t\t<div class=\"elementor-widget-container\">\n\t\t\t\t\t\n\t\t\t<div class=\"oew-blog-grid clr match-height-grid\" data-desktop-columns=2  >\n\n\t\t\t\t\n\t\t\t\t\t\t<article id=\"post-2059\" class=\"oew-grid-entry clr post-2059 post type-post status-publish format-standard has-post-thumbnail hentry category-general entry has-media\">\n\n\t\t\t\t\t\t\t\n\t\t\t\t\t\t\t\t<div class=\"oew-grid-inner clr\">\n\n\t\t\t\t\t\t\t\t\t\n\t\t\t\t\t\t\t\t\t\t<div class=\"oew-grid-media clr\">\n\n\t\t\t\t\t\t\t\t\t\t\t<a href=\"https:\/\/mieuxvivremarvejols.fr\/index.php\/2025\/04\/28\/economie\/\" title=\"Le chalenge de l\u2019\u00e9conomie.\" class=\"oew-grid-img\">\n\n\t\t\t\t\t\t\t\t\t\t\t\t<img decoding=\"async\" width=\"300\" height=\"201\" src=\"https:\/\/mieuxvivremarvejols.fr\/wp-content\/uploads\/2025\/04\/cercle-de-developpement_2-300x201.png\" class=\"attachment-medium size-medium wp-post-image\" alt=\"Le chalenge de l\u2019\u00e9conomie.\" itemprop=\"image\" srcset=\"https:\/\/mieuxvivremarvejols.fr\/wp-content\/uploads\/2025\/04\/cercle-de-developpement_2-300x201.png 300w, https:\/\/mieuxvivremarvejols.fr\/wp-content\/uploads\/2025\/04\/cercle-de-developpement_2-1024x685.png 1024w, https:\/\/mieuxvivremarvejols.fr\/wp-content\/uploads\/2025\/04\/cercle-de-developpement_2-768x514.png 768w, https:\/\/mieuxvivremarvejols.fr\/wp-content\/uploads\/2025\/04\/cercle-de-developpement_2-1536x1028.png 1536w, https:\/\/mieuxvivremarvejols.fr\/wp-content\/uploads\/2025\/04\/cercle-de-developpement_2.png 1829w\" sizes=\"(max-width: 300px) 100vw, 300px\" \/>\n\t\t\t\t\t\t\t\t\t\t\t\t<span class=\"overlay\">\n\t\t\t\t\t\t\t\t\t\t\t\t\t\t\t\t\t\t\t\t\t\t\t\t\t\t\t<span class=\"overlay-btn\">\n\t\t\t\t\t\t\t\t\t\t\t\t\t\t\tEn savoir plus\t\t\t\t\t\t\t\t\t\t\t\t\t\t<\/span>\n\t\t\t\t\t\t\t\t\t\t\t\t\t\t\t\t\t\t\t\t\t\t\t\t\t<\/span>\n\n\t\t\t\t\t\t\t\t\t\t\t<\/a>\n\n\t\t\t\t\t\t\t\t\t\t\t\n\t\t\t\t\t\t\t\t\t\t<\/div><!-- .oew-grid-media -->\n\n\t\t\t\t\t\t\t\t\t\n\t\t\t\t\t\t\t\t\t\n\t\t\t\t\t\t\t\t\t\t<div class=\"oew-grid-details match-height-content clr\">\n\n\t\t\t\t\t\t\t\t\t\t\t\n\t\t\t\t\t\t\t\t\t\t\t\t<h1 class=\"oew-grid-title entry-title\">\n\t\t\t\t\t\t\t\t\t\t\t\t\t<a href=\"https:\/\/mieuxvivremarvejols.fr\/index.php\/2025\/04\/28\/economie\/\" title=\"Le chalenge de l\u2019\u00e9conomie.\">Le chalenge de l\u2019\u00e9conomie.<\/a>\n\t\t\t\t\t\t\t\t\t\t\t\t<\/h1>\n\n\t\t\t\t\t\t\t\t\t\t\t\n\t\t\t\t\t\t\t\t\t\t\t\n\t\t\t\t\t\t\t\t\t\t\t\t<div class=\"oew-grid-excerpt clr\">\n\t\t\t\t\t\t\t\t\t\t\t\t\tLe d\u00e9veloppement \u00e9conomique est unanimement reconnu comme une priorit\u00e9 des politiques publiques. Pourtant, entre l\u2019intention et la r\u00e9alit\u00e9, il existe un gouffre.\t\t\t\t\t\t\t\t\t\t\t\t<\/div>\n\n\t\t\t\t\t\t\t\t\t\t\t\n\t\t\t\t\t\t\t\t\t\t<\/div><!-- .oew-grid-details -->\n\n\t\t\t\t\t\t\t\t\t\n\t\t\t\t\t\t\t\t\t\n\t\t\t\t\t\t\t\t\t\t<ul class=\"oew-grid-meta clr\">\n\n\t\t\t\t\t\t\t\t\t\t\t\t\t\t\t\t\t\t\t\t\t\t\t<li class=\"meta-comments\"><i class=\" far fa-comments\" aria-hidden=\"true\" role=\"img\"><\/i><a href=\"https:\/\/mieuxvivremarvejols.fr\/index.php\/2025\/04\/28\/economie\/#respond\" class=\"comments-link\" >0 commentaire<\/a><\/li>\n\t\t\t\t\t\t\t\t\t\t\t\n\t\t\t\t\t\t\t\t\t\t\t\n\t\t\t\t\t\t\t\t\t\t<\/ul>\n\n\t\t\t\t\t\t\t\t\t\n\t\t\t\t\t\t\t\t<\/div>\n\n\t\t\t\t\t\t\t\n\t\t\t\t\t\t<\/article>\n\n\t\t\t\t\t\n\t\t\t\t\t\n\t\t\t\t\t\t<article id=\"post-2040\" class=\"oew-grid-entry clr post-2040 post type-post status-publish format-standard has-post-thumbnail hentry category-general entry has-media\">\n\n\t\t\t\t\t\t\t\n\t\t\t\t\t\t\t\t<div class=\"oew-grid-inner clr\">\n\n\t\t\t\t\t\t\t\t\t\n\t\t\t\t\t\t\t\t\t\t<div class=\"oew-grid-media clr\">\n\n\t\t\t\t\t\t\t\t\t\t\t<a href=\"https:\/\/mieuxvivremarvejols.fr\/index.php\/2025\/03\/01\/seniors-comment-mieux-vivre\/\" title=\"Seniors,  comment Mieux Vivre ?\" class=\"oew-grid-img\">\n\n\t\t\t\t\t\t\t\t\t\t\t\t<img decoding=\"async\" width=\"300\" height=\"221\" src=\"https:\/\/mieuxvivremarvejols.fr\/wp-content\/uploads\/2025\/02\/JeanGabin-Les-vieux-de-la-Vielle-1960-300x221.jpg\" class=\"attachment-medium size-medium wp-post-image\" alt=\"Seniors,  comment Mieux Vivre ?\" itemprop=\"image\" srcset=\"https:\/\/mieuxvivremarvejols.fr\/wp-content\/uploads\/2025\/02\/JeanGabin-Les-vieux-de-la-Vielle-1960-300x221.jpg 300w, https:\/\/mieuxvivremarvejols.fr\/wp-content\/uploads\/2025\/02\/JeanGabin-Les-vieux-de-la-Vielle-1960.jpg 640w\" sizes=\"(max-width: 300px) 100vw, 300px\" \/>\n\t\t\t\t\t\t\t\t\t\t\t\t<span class=\"overlay\">\n\t\t\t\t\t\t\t\t\t\t\t\t\t\t\t\t\t\t\t\t\t\t\t\t\t\t\t<span class=\"overlay-btn\">\n\t\t\t\t\t\t\t\t\t\t\t\t\t\t\tEn savoir plus\t\t\t\t\t\t\t\t\t\t\t\t\t\t<\/span>\n\t\t\t\t\t\t\t\t\t\t\t\t\t\t\t\t\t\t\t\t\t\t\t\t\t<\/span>\n\n\t\t\t\t\t\t\t\t\t\t\t<\/a>\n\n\t\t\t\t\t\t\t\t\t\t\t\n\t\t\t\t\t\t\t\t\t\t<\/div><!-- .oew-grid-media -->\n\n\t\t\t\t\t\t\t\t\t\n\t\t\t\t\t\t\t\t\t\n\t\t\t\t\t\t\t\t\t\t<div class=\"oew-grid-details match-height-content clr\">\n\n\t\t\t\t\t\t\t\t\t\t\t\n\t\t\t\t\t\t\t\t\t\t\t\t<h1 class=\"oew-grid-title entry-title\">\n\t\t\t\t\t\t\t\t\t\t\t\t\t<a href=\"https:\/\/mieuxvivremarvejols.fr\/index.php\/2025\/03\/01\/seniors-comment-mieux-vivre\/\" title=\"Seniors,  comment Mieux Vivre ?\">Seniors,  comment Mieux Vivre ?<\/a>\n\t\t\t\t\t\t\t\t\t\t\t\t<\/h1>\n\n\t\t\t\t\t\t\t\t\t\t\t\n\t\t\t\t\t\t\t\t\t\t\t\n\t\t\t\t\t\t\t\t\t\t\t\t<div class=\"oew-grid-excerpt clr\">\n\t\t\t\t\t\t\t\t\t\t\t\t\tAu fil du temps, notre environnement change. Les structures familiales sont fondamentales. Toutefois, la collectivit\u00e9 joue un r\u00f4le essentiel et a une responsabilit\u00e9 ind\u00e9niable pour assurer leur bien-\u00eatre ainsi que leur inclusion au sein de la soci\u00e9t\u00e9.\t\t\t\t\t\t\t\t\t\t\t\t<\/div>\n\n\t\t\t\t\t\t\t\t\t\t\t\n\t\t\t\t\t\t\t\t\t\t<\/div><!-- .oew-grid-details -->\n\n\t\t\t\t\t\t\t\t\t\n\t\t\t\t\t\t\t\t\t\n\t\t\t\t\t\t\t\t\t\t<ul class=\"oew-grid-meta clr\">\n\n\t\t\t\t\t\t\t\t\t\t\t\t\t\t\t\t\t\t\t\t\t\t\t<li class=\"meta-comments\"><i class=\" far fa-comments\" aria-hidden=\"true\" role=\"img\"><\/i><a href=\"https:\/\/mieuxvivremarvejols.fr\/index.php\/2025\/03\/01\/seniors-comment-mieux-vivre\/#respond\" class=\"comments-link\" >0 commentaire<\/a><\/li>\n\t\t\t\t\t\t\t\t\t\t\t\n\t\t\t\t\t\t\t\t\t\t\t\n\t\t\t\t\t\t\t\t\t\t<\/ul>\n\n\t\t\t\t\t\t\t\t\t\n\t\t\t\t\t\t\t\t<\/div>\n\n\t\t\t\t\t\t\t\n\t\t\t\t\t\t<\/article>\n\n\t\t\t\t\t\n\t\t\t\t\t\n\t\t\t\t\t\t<article id=\"post-1975\" class=\"oew-grid-entry clr post-1975 post type-post status-publish format-standard has-post-thumbnail hentry category-brouillon category-general entry has-media\">\n\n\t\t\t\t\t\t\t\n\t\t\t\t\t\t\t\t<div class=\"oew-grid-inner clr\">\n\n\t\t\t\t\t\t\t\t\t\n\t\t\t\t\t\t\t\t\t\t<div class=\"oew-grid-media clr\">\n\n\t\t\t\t\t\t\t\t\t\t\t<a href=\"https:\/\/mieuxvivremarvejols.fr\/index.php\/2025\/02\/19\/demystifierlia\/\" title=\"D\u00e9mystifier et Comprendre l&rsquo;IA\" class=\"oew-grid-img\">\n\n\t\t\t\t\t\t\t\t\t\t\t\t<img loading=\"lazy\" decoding=\"async\" width=\"300\" height=\"169\" src=\"https:\/\/mieuxvivremarvejols.fr\/wp-content\/uploads\/2025\/02\/demistifier_IA-300x169.png\" class=\"attachment-medium size-medium wp-post-image\" alt=\"D\u00e9mystifier et Comprendre l&rsquo;IA\" itemprop=\"image\" srcset=\"https:\/\/mieuxvivremarvejols.fr\/wp-content\/uploads\/2025\/02\/demistifier_IA-300x169.png 300w, https:\/\/mieuxvivremarvejols.fr\/wp-content\/uploads\/2025\/02\/demistifier_IA-768x433.png 768w, https:\/\/mieuxvivremarvejols.fr\/wp-content\/uploads\/2025\/02\/demistifier_IA-800x450.png 800w, https:\/\/mieuxvivremarvejols.fr\/wp-content\/uploads\/2025\/02\/demistifier_IA.png 1000w\" sizes=\"(max-width: 300px) 100vw, 300px\" \/>\n\t\t\t\t\t\t\t\t\t\t\t\t<span class=\"overlay\">\n\t\t\t\t\t\t\t\t\t\t\t\t\t\t\t\t\t\t\t\t\t\t\t\t\t\t\t<span class=\"overlay-btn\">\n\t\t\t\t\t\t\t\t\t\t\t\t\t\t\tEn savoir plus\t\t\t\t\t\t\t\t\t\t\t\t\t\t<\/span>\n\t\t\t\t\t\t\t\t\t\t\t\t\t\t\t\t\t\t\t\t\t\t\t\t\t<\/span>\n\n\t\t\t\t\t\t\t\t\t\t\t<\/a>\n\n\t\t\t\t\t\t\t\t\t\t\t\n\t\t\t\t\t\t\t\t\t\t<\/div><!-- .oew-grid-media -->\n\n\t\t\t\t\t\t\t\t\t\n\t\t\t\t\t\t\t\t\t\n\t\t\t\t\t\t\t\t\t\t<div class=\"oew-grid-details match-height-content clr\">\n\n\t\t\t\t\t\t\t\t\t\t\t\n\t\t\t\t\t\t\t\t\t\t\t\t<h1 class=\"oew-grid-title entry-title\">\n\t\t\t\t\t\t\t\t\t\t\t\t\t<a href=\"https:\/\/mieuxvivremarvejols.fr\/index.php\/2025\/02\/19\/demystifierlia\/\" title=\"D\u00e9mystifier et Comprendre l&rsquo;IA\">D\u00e9mystifier et Comprendre l'IA<\/a>\n\t\t\t\t\t\t\t\t\t\t\t\t<\/h1>\n\n\t\t\t\t\t\t\t\t\t\t\t\n\t\t\t\t\t\t\t\t\t\t\t\n\t\t\t\t\t\t\t\t\t\t\t\t<div class=\"oew-grid-excerpt clr\">\n\t\t\t\t\t\t\t\t\t\t\t\t\tLorsque le monde politique, national ou local, s\u2019empare d\u2019un sujet comme les data-centers pour l\u2019intelligence artificielle, tout le monde se pr\u00e9cipite pour commenter, puis commenter les commentaires\u2026 Comprennent-ils vraiment ? Peut-\u00eatre !\t\t\t\t\t\t\t\t\t\t\t\t<\/div>\n\n\t\t\t\t\t\t\t\t\t\t\t\n\t\t\t\t\t\t\t\t\t\t<\/div><!-- .oew-grid-details -->\n\n\t\t\t\t\t\t\t\t\t\n\t\t\t\t\t\t\t\t\t\n\t\t\t\t\t\t\t\t\t\t<ul class=\"oew-grid-meta clr\">\n\n\t\t\t\t\t\t\t\t\t\t\t\t\t\t\t\t\t\t\t\t\t\t\t<li class=\"meta-comments\"><i class=\" far fa-comments\" aria-hidden=\"true\" role=\"img\"><\/i><a href=\"https:\/\/mieuxvivremarvejols.fr\/index.php\/2025\/02\/19\/demystifierlia\/#respond\" class=\"comments-link\" >0 commentaire<\/a><\/li>\n\t\t\t\t\t\t\t\t\t\t\t\n\t\t\t\t\t\t\t\t\t\t\t\n\t\t\t\t\t\t\t\t\t\t<\/ul>\n\n\t\t\t\t\t\t\t\t\t\n\t\t\t\t\t\t\t\t<\/div>\n\n\t\t\t\t\t\t\t\n\t\t\t\t\t\t<\/article>\n\n\t\t\t\t\t\n\t\t\t\t\t\n\t\t\t\t\t\t<article id=\"post-1901\" class=\"oew-grid-entry clr post-1901 post type-post status-publish format-standard has-post-thumbnail hentry category-animaux entry has-media\">\n\n\t\t\t\t\t\t\t\n\t\t\t\t\t\t\t\t<div class=\"oew-grid-inner clr\">\n\n\t\t\t\t\t\t\t\t\t\n\t\t\t\t\t\t\t\t\t\t<div class=\"oew-grid-media clr\">\n\n\t\t\t\t\t\t\t\t\t\t\t<a href=\"https:\/\/mieuxvivremarvejols.fr\/index.php\/2025\/01\/13\/chiens-chats-dans-la-cite\/\" title=\"Nos compagnons Chiens et Chats dans la cit\u00e9\" class=\"oew-grid-img\">\n\n\t\t\t\t\t\t\t\t\t\t\t\t<img loading=\"lazy\" decoding=\"async\" width=\"300\" height=\"168\" src=\"https:\/\/mieuxvivremarvejols.fr\/wp-content\/uploads\/2025\/01\/chien_chat_2-300x168.jpg\" class=\"attachment-medium size-medium wp-post-image\" alt=\"Nos compagnons Chiens et Chats dans la cit\u00e9\" itemprop=\"image\" srcset=\"https:\/\/mieuxvivremarvejols.fr\/wp-content\/uploads\/2025\/01\/chien_chat_2-300x168.jpg 300w, https:\/\/mieuxvivremarvejols.fr\/wp-content\/uploads\/2025\/01\/chien_chat_2.jpg 750w\" sizes=\"(max-width: 300px) 100vw, 300px\" \/>\n\t\t\t\t\t\t\t\t\t\t\t\t<span class=\"overlay\">\n\t\t\t\t\t\t\t\t\t\t\t\t\t\t\t\t\t\t\t\t\t\t\t\t\t\t\t<span class=\"overlay-btn\">\n\t\t\t\t\t\t\t\t\t\t\t\t\t\t\tEn savoir plus\t\t\t\t\t\t\t\t\t\t\t\t\t\t<\/span>\n\t\t\t\t\t\t\t\t\t\t\t\t\t\t\t\t\t\t\t\t\t\t\t\t\t<\/span>\n\n\t\t\t\t\t\t\t\t\t\t\t<\/a>\n\n\t\t\t\t\t\t\t\t\t\t\t\n\t\t\t\t\t\t\t\t\t\t<\/div><!-- .oew-grid-media -->\n\n\t\t\t\t\t\t\t\t\t\n\t\t\t\t\t\t\t\t\t\n\t\t\t\t\t\t\t\t\t\t<div class=\"oew-grid-details match-height-content clr\">\n\n\t\t\t\t\t\t\t\t\t\t\t\n\t\t\t\t\t\t\t\t\t\t\t\t<h1 class=\"oew-grid-title entry-title\">\n\t\t\t\t\t\t\t\t\t\t\t\t\t<a href=\"https:\/\/mieuxvivremarvejols.fr\/index.php\/2025\/01\/13\/chiens-chats-dans-la-cite\/\" title=\"Nos compagnons Chiens et Chats dans la cit\u00e9\">Nos compagnons Chiens et Chats dans la cit\u00e9<\/a>\n\t\t\t\t\t\t\t\t\t\t\t\t<\/h1>\n\n\t\t\t\t\t\t\t\t\t\t\t\n\t\t\t\t\t\t\t\t\t\t\t\n\t\t\t\t\t\t\t\t\t\t\t\t<div class=\"oew-grid-excerpt clr\">\n\t\t\t\t\t\t\t\t\t\t\t\t\tLa prolif\u00e9ration des chats errants en ville est un ph\u00e9nom\u00e8ne souvent ignor\u00e9 ou minimis\u00e9, mais qui pose des enjeux majeurs, tant d\u2019un point de vue sanitaire que soci\u00e9tal.\n\t\t\t\t\t\t\t\t\t\t\t\t<\/div>\n\n\t\t\t\t\t\t\t\t\t\t\t\n\t\t\t\t\t\t\t\t\t\t<\/div><!-- .oew-grid-details -->\n\n\t\t\t\t\t\t\t\t\t\n\t\t\t\t\t\t\t\t\t\n\t\t\t\t\t\t\t\t\t\t<ul class=\"oew-grid-meta clr\">\n\n\t\t\t\t\t\t\t\t\t\t\t\t\t\t\t\t\t\t\t\t\t\t\t<li class=\"meta-comments\"><i class=\" far fa-comments\" aria-hidden=\"true\" role=\"img\"><\/i><a href=\"https:\/\/mieuxvivremarvejols.fr\/index.php\/2025\/01\/13\/chiens-chats-dans-la-cite\/#comments\" class=\"comments-link\" >2 commentaires<\/a><\/li>\n\t\t\t\t\t\t\t\t\t\t\t\n\t\t\t\t\t\t\t\t\t\t\t\n\t\t\t\t\t\t\t\t\t\t<\/ul>\n\n\t\t\t\t\t\t\t\t\t\n\t\t\t\t\t\t\t\t<\/div>\n\n\t\t\t\t\t\t\t\n\t\t\t\t\t\t<\/article>\n\n\t\t\t\t\t\n\t\t\t\t\t\n\t\t\t<\/div><!-- .oew-blog-grid -->\n\n\t\t\t<div class=\"oceanwp-pagination clr\"><ul class='page-numbers'>\n\t<li><span aria-current=\"page\" class=\"page-numbers current\">1<\/span><\/li>\n\t<li><a class=\"page-numbers\" href=\"https:\/\/mieuxvivremarvejols.fr\/index.php\/wp-json\/wp\/v2\/pages\/1053\/page\/2\/\">2<\/a><\/li>\n\t<li><a class=\"next page-numbers\" href=\"https:\/\/mieuxvivremarvejols.fr\/index.php\/wp-json\/wp\/v2\/pages\/1053\/page\/2\/\"><span class=\"screen-reader-text\">Aller \u00e0 la page suivante<\/span><i class=\" fa fa-angle-right\" aria-hidden=\"true\" role=\"img\"><\/i><\/a><\/li>\n<\/ul>\n<\/div>\n\t\t\t\n\t\t\t\t\t\t<\/div>\n\t\t\t\t<\/div>\n\t\t\t\t\t<\/div>\n\t\t\t\t<\/div>\n\t\t<div class=\"elementor-element elementor-element-272347c e-flex e-con-boxed e-con e-parent\" data-id=\"272347c\" data-element_type=\"container\" data-e-type=\"container\">\n\t\t\t\t\t<div class=\"e-con-inner\">\n\t\t\t\t<div class=\"elementor-element elementor-element-5ef6dcd elementor-widget-divider--view-line_icon elementor-view-default elementor-widget-divider--element-align-center elementor-widget elementor-widget-divider\" data-id=\"5ef6dcd\" data-element_type=\"widget\" data-e-type=\"widget\" data-widget_type=\"divider.default\">\n\t\t\t\t<div class=\"elementor-widget-container\">\n\t\t\t\t\t\t\t<div class=\"elementor-divider\">\n\t\t\t<span class=\"elementor-divider-separator\">\n\t\t\t\t\t\t\t<div class=\"elementor-icon elementor-divider__element\">\n\t\t\t\t\t<svg aria-hidden=\"true\" class=\"e-font-icon-svg e-fas-scroll\" viewBox=\"0 0 640 512\" xmlns=\"http:\/\/www.w3.org\/2000\/svg\"><path d=\"M48 0C21.53 0 0 21.53 0 48v64c0 8.84 7.16 16 16 16h80V48C96 21.53 74.47 0 48 0zm208 412.57V352h288V96c0-52.94-43.06-96-96-96H111.59C121.74 13.41 128 29.92 128 48v368c0 38.87 34.65 69.65 74.75 63.12C234.22 474 256 444.46 256 412.57zM288 384v32c0 52.93-43.06 96-96 96h336c61.86 0 112-50.14 112-112 0-8.84-7.16-16-16-16H288z\"><\/path><\/svg><\/div>\n\t\t\t\t\t\t<\/span>\n\t\t<\/div>\n\t\t\t\t\t\t<\/div>\n\t\t\t\t<\/div>\n\t\t\t\t\t<\/div>\n\t\t\t\t<\/div>\n\t\t\t\t<\/div>\n\t\t","protected":false},"excerpt":{"rendered":"<p>Il n&rsquo;y a pas de petits ou grands dossiers tout est important pour Mieux Vivre dans la cit\u00e9. En savoir plus Nos compagnons Chiens et Chats dans la cit\u00e9 La prolif\u00e9ration des chats errants en ville est un ph\u00e9nom\u00e8ne souvent ignor\u00e9 ou minimis\u00e9, mais qui pose des enjeux majeurs, tant d\u2019un point de vue sanitaire [&hellip;]<\/p>\n","protected":false},"author":1,"featured_media":0,"parent":0,"menu_order":0,"comment_status":"closed","ping_status":"closed","template":"","meta":{"ocean_post_layout":"full-width","ocean_both_sidebars_style":"","ocean_both_sidebars_content_width":0,"ocean_both_sidebars_sidebars_width":0,"ocean_sidebar":"","ocean_second_sidebar":"","ocean_disable_margins":"enable","ocean_add_body_class":"","ocean_shortcode_before_top_bar":"","ocean_shortcode_after_top_bar":"","ocean_shortcode_before_header":"","ocean_shortcode_after_header":"","ocean_has_shortcode":"","ocean_shortcode_after_title":"","ocean_shortcode_before_footer_widgets":"","ocean_shortcode_after_footer_widgets":"","ocean_shortcode_before_footer_bottom":"","ocean_shortcode_after_footer_bottom":"","ocean_display_top_bar":"off","ocean_display_header":"default","ocean_header_style":"","ocean_center_header_left_menu":"","ocean_custom_header_template":"","ocean_custom_logo":0,"ocean_custom_retina_logo":0,"ocean_custom_logo_max_width":0,"ocean_custom_logo_tablet_max_width":0,"ocean_custom_logo_mobile_max_width":0,"ocean_custom_logo_max_height":0,"ocean_custom_logo_tablet_max_height":0,"ocean_custom_logo_mobile_max_height":0,"ocean_header_custom_menu":"","ocean_menu_typo_font_family":"","ocean_menu_typo_font_subset":"","ocean_menu_typo_font_size":0,"ocean_menu_typo_font_size_tablet":0,"ocean_menu_typo_font_size_mobile":0,"ocean_menu_typo_font_size_unit":"px","ocean_menu_typo_font_weight":"","ocean_menu_typo_font_weight_tablet":"","ocean_menu_typo_font_weight_mobile":"","ocean_menu_typo_transform":"","ocean_menu_typo_transform_tablet":"","ocean_menu_typo_transform_mobile":"","ocean_menu_typo_line_height":0,"ocean_menu_typo_line_height_tablet":0,"ocean_menu_typo_line_height_mobile":0,"ocean_menu_typo_line_height_unit":"","ocean_menu_typo_spacing":0,"ocean_menu_typo_spacing_tablet":0,"ocean_menu_typo_spacing_mobile":0,"ocean_menu_typo_spacing_unit":"","ocean_menu_link_color":"","ocean_menu_link_color_hover":"","ocean_menu_link_color_active":"","ocean_menu_link_background":"","ocean_menu_link_hover_background":"","ocean_menu_link_active_background":"","ocean_menu_social_links_bg":"","ocean_menu_social_hover_links_bg":"","ocean_menu_social_links_color":"","ocean_menu_social_hover_links_color":"","ocean_disable_title":"on","ocean_disable_heading":"on","ocean_post_title":"","ocean_post_subheading":"","ocean_post_title_style":"background-image","ocean_post_title_background_color":"","ocean_post_title_background":1218,"ocean_post_title_bg_image_position":"","ocean_post_title_bg_image_attachment":"","ocean_post_title_bg_image_repeat":"","ocean_post_title_bg_image_size":"cover","ocean_post_title_height":0,"ocean_post_title_bg_overlay":0.1,"ocean_post_title_bg_overlay_color":"","ocean_disable_breadcrumbs":"off","ocean_breadcrumbs_color":"","ocean_breadcrumbs_separator_color":"","ocean_breadcrumbs_links_color":"","ocean_breadcrumbs_links_hover_color":"","ocean_display_footer_widgets":"off","ocean_display_footer_bottom":"off","ocean_custom_footer_template":"","omw_enable_modal_window":"enable","ofc_meta_disable_footer_callout":"enable","ofc_meta_callout_button_url":"","ofc_meta_callout_button_txt":"","ofc_meta_callout_text":"","ofc_enable_fullscreen":"disable","ofc_fullscreen_speed":0,"ofc_fullscreen_nav":"enable","ofc_fullscreen_nav_pos":"right","ofc_fullscreen_nav_color":"","ofc_fullscreen_nav_tooltip_color":"","ofc_fullscreen_responsive":0,"osp_disable_panel":"default","osh_disable_topbar_sticky":"default","osh_disable_header_sticky":"default","osh_sticky_header_style":"default","osh_sticky_header_effect":"","osh_custom_sticky_logo":0,"osh_custom_retina_sticky_logo":0,"osh_custom_sticky_logo_height":0,"osh_background_color":"","osh_links_color":"","osh_links_hover_color":"","osh_links_active_color":"","osh_links_bg_color":"","osh_links_hover_bg_color":"","osh_links_active_bg_color":"","osh_menu_social_links_color":"","osh_menu_social_hover_links_color":"","footnotes":""},"class_list":["post-1053","page","type-page","status-publish","hentry","entry","has-media"],"_links":{"self":[{"href":"https:\/\/mieuxvivremarvejols.fr\/index.php\/wp-json\/wp\/v2\/pages\/1053"}],"collection":[{"href":"https:\/\/mieuxvivremarvejols.fr\/index.php\/wp-json\/wp\/v2\/pages"}],"about":[{"href":"https:\/\/mieuxvivremarvejols.fr\/index.php\/wp-json\/wp\/v2\/types\/page"}],"author":[{"embeddable":true,"href":"https:\/\/mieuxvivremarvejols.fr\/index.php\/wp-json\/wp\/v2\/users\/1"}],"replies":[{"embeddable":true,"href":"https:\/\/mieuxvivremarvejols.fr\/index.php\/wp-json\/wp\/v2\/comments?post=1053"}],"version-history":[{"count":88,"href":"https:\/\/mieuxvivremarvejols.fr\/index.php\/wp-json\/wp\/v2\/pages\/1053\/revisions"}],"predecessor-version":[{"id":1972,"href":"https:\/\/mieuxvivremarvejols.fr\/index.php\/wp-json\/wp\/v2\/pages\/1053\/revisions\/1972"}],"wp:attachment":[{"href":"https:\/\/mieuxvivremarvejols.fr\/index.php\/wp-json\/wp\/v2\/media?parent=1053"}],"curies":[{"name":"wp","href":"https:\/\/api.w.org\/{rel}","templated":true}]}}