{"id":1051,"date":"2024-10-04T12:55:47","date_gmt":"2024-10-04T12:55:47","guid":{"rendered":"https:\/\/mieuxvivremarvejols.fr\/?page_id=1051"},"modified":"2025-01-24T08:38:07","modified_gmt":"2025-01-24T08:38:07","slug":"communication","status":"publish","type":"page","link":"https:\/\/mieuxvivremarvejols.fr\/index.php\/communication\/","title":{"rendered":"Communication"},"content":{"rendered":"\t\t<div data-elementor-type=\"wp-page\" data-elementor-id=\"1051\" class=\"elementor elementor-1051\" data-elementor-post-type=\"page\">\n\t\t\t\t<div class=\"elementor-element elementor-element-7fc5c0c e-flex e-con-boxed e-con e-parent\" data-id=\"7fc5c0c\" data-element_type=\"container\" data-e-type=\"container\">\n\t\t\t\t\t<div class=\"e-con-inner\">\n\t\t\t\t<div class=\"elementor-element elementor-element-67d043d elementor-widget elementor-widget-image\" data-id=\"67d043d\" data-element_type=\"widget\" data-e-type=\"widget\" data-widget_type=\"image.default\">\n\t\t\t\t<div class=\"elementor-widget-container\">\n\t\t\t\t\t\t\t\t\t\t\t\t\t\t\t<img fetchpriority=\"high\" decoding=\"async\" width=\"1167\" height=\"334\" src=\"https:\/\/mieuxvivremarvejols.fr\/wp-content\/uploads\/2024\/12\/communication_3.png\" class=\"attachment-full size-full wp-image-1099\" alt=\"\" srcset=\"https:\/\/mieuxvivremarvejols.fr\/wp-content\/uploads\/2024\/12\/communication_3.png 1167w, https:\/\/mieuxvivremarvejols.fr\/wp-content\/uploads\/2024\/12\/communication_3-300x86.png 300w, https:\/\/mieuxvivremarvejols.fr\/wp-content\/uploads\/2024\/12\/communication_3-1024x293.png 1024w, https:\/\/mieuxvivremarvejols.fr\/wp-content\/uploads\/2024\/12\/communication_3-768x220.png 768w\" sizes=\"(max-width: 1167px) 100vw, 1167px\" \/>\t\t\t\t\t\t\t\t\t\t\t\t\t\t\t<\/div>\n\t\t\t\t<\/div>\n\t\t\t\t\t<\/div>\n\t\t\t\t<\/div>\n\t\t<div class=\"elementor-element elementor-element-8e68436 e-flex e-con-boxed e-con e-parent\" data-id=\"8e68436\" data-element_type=\"container\" data-e-type=\"container\">\n\t\t\t\t\t<div class=\"e-con-inner\">\n\t\t\t\t<div class=\"elementor-element elementor-element-4aa64b7 elementor-widget elementor-widget-heading\" data-id=\"4aa64b7\" data-element_type=\"widget\" data-e-type=\"widget\" data-widget_type=\"heading.default\">\n\t\t\t\t<div class=\"elementor-widget-container\">\n\t\t\t\t\t<h1 class=\"elementor-heading-title elementor-size-default\">articles, photos et bien d'autres ... <\/h1>\t\t\t\t<\/div>\n\t\t\t\t<\/div>\n\t\t\t\t\t<\/div>\n\t\t\t\t<\/div>\n\t\t<div class=\"elementor-element elementor-element-bc7b8ba e-flex e-con-boxed e-con e-parent\" data-id=\"bc7b8ba\" data-element_type=\"container\" data-e-type=\"container\">\n\t\t\t\t\t<div class=\"e-con-inner\">\n\t\t\t\t<div class=\"elementor-element elementor-element-16a785e elementor-widget-divider--view-line_icon elementor-view-default elementor-widget-divider--element-align-center elementor-widget elementor-widget-divider\" data-id=\"16a785e\" data-element_type=\"widget\" data-e-type=\"widget\" data-widget_type=\"divider.default\">\n\t\t\t\t<div class=\"elementor-widget-container\">\n\t\t\t\t\t\t\t<div class=\"elementor-divider\">\n\t\t\t<span class=\"elementor-divider-separator\">\n\t\t\t\t\t\t\t<div class=\"elementor-icon elementor-divider__element\">\n\t\t\t\t\t<svg aria-hidden=\"true\" class=\"e-font-icon-svg e-fas-scroll\" viewBox=\"0 0 640 512\" xmlns=\"http:\/\/www.w3.org\/2000\/svg\"><path d=\"M48 0C21.53 0 0 21.53 0 48v64c0 8.84 7.16 16 16 16h80V48C96 21.53 74.47 0 48 0zm208 412.57V352h288V96c0-52.94-43.06-96-96-96H111.59C121.74 13.41 128 29.92 128 48v368c0 38.87 34.65 69.65 74.75 63.12C234.22 474 256 444.46 256 412.57zM288 384v32c0 52.93-43.06 96-96 96h336c61.86 0 112-50.14 112-112 0-8.84-7.16-16-16-16H288z\"><\/path><\/svg><\/div>\n\t\t\t\t\t\t<\/span>\n\t\t<\/div>\n\t\t\t\t\t\t<\/div>\n\t\t\t\t<\/div>\n\t\t\t\t\t<\/div>\n\t\t\t\t<\/div>\n\t\t<div class=\"elementor-element elementor-element-ce6beb1 e-grid e-con-full e-con e-parent\" data-id=\"ce6beb1\" data-element_type=\"container\" data-e-type=\"container\" data-settings=\"{&quot;background_background&quot;:&quot;classic&quot;}\">\n\t\t<div class=\"elementor-element elementor-element-d273052 e-con-full e-flex e-con e-child\" data-id=\"d273052\" data-element_type=\"container\" data-e-type=\"container\" data-settings=\"{&quot;background_background&quot;:&quot;classic&quot;}\">\n\t\t\t\t<div class=\"elementor-element elementor-element-39d0a4b elementor-widget elementor-widget-heading\" data-id=\"39d0a4b\" data-element_type=\"widget\" data-e-type=\"widget\" data-widget_type=\"heading.default\">\n\t\t\t\t<div class=\"elementor-widget-container\">\n\t\t\t\t\t<h2 class=\"elementor-heading-title elementor-size-default\">Communiqu\u00e9 de presse - Janvier 2025\nRecours en Annulation de l'AP autorisant la nouvelle Station d\u2019\u00c9puration (STEP) de Marvejols<\/h2>\t\t\t\t<\/div>\n\t\t\t\t<\/div>\n\t\t\t\t<div class=\"elementor-element elementor-element-bb8f628 elementor-widget elementor-widget-image\" data-id=\"bb8f628\" data-element_type=\"widget\" data-e-type=\"widget\" data-widget_type=\"image.default\">\n\t\t\t\t<div class=\"elementor-widget-container\">\n\t\t\t\t\t\t\t\t\t\t\t\t\t\t\t<img decoding=\"async\" width=\"896\" height=\"566\" src=\"https:\/\/mieuxvivremarvejols.fr\/wp-content\/uploads\/2025\/01\/Capture-decran-2025-01-23-a-07.54.15.png\" class=\"attachment-large size-large wp-image-1904\" alt=\"\" srcset=\"https:\/\/mieuxvivremarvejols.fr\/wp-content\/uploads\/2025\/01\/Capture-decran-2025-01-23-a-07.54.15.png 896w, https:\/\/mieuxvivremarvejols.fr\/wp-content\/uploads\/2025\/01\/Capture-decran-2025-01-23-a-07.54.15-300x190.png 300w, https:\/\/mieuxvivremarvejols.fr\/wp-content\/uploads\/2025\/01\/Capture-decran-2025-01-23-a-07.54.15-768x485.png 768w\" sizes=\"(max-width: 896px) 100vw, 896px\" \/>\t\t\t\t\t\t\t\t\t\t\t\t\t\t\t<\/div>\n\t\t\t\t<\/div>\n\t\t\t\t<div class=\"elementor-element elementor-element-997254c elementor-widget elementor-widget-text-editor\" data-id=\"997254c\" data-element_type=\"widget\" data-e-type=\"widget\" data-widget_type=\"text-editor.default\">\n\t\t\t\t<div class=\"elementor-widget-container\">\n\t\t\t\t\t\t\t\t\t<p>Acc\u00e9dez a notre communiqu\u00e9 de presse, adress\u00e9 \u00e0 l&rsquo;ensemble des m\u00e9dias Loz\u00e9riens le 24 Janvier 2024<\/p>\t\t\t\t\t\t\t\t<\/div>\n\t\t\t\t<\/div>\n\t\t\t\t<div class=\"elementor-element elementor-element-1c4cfa1 elementor-align-center elementor-widget elementor-widget-button\" data-id=\"1c4cfa1\" data-element_type=\"widget\" data-e-type=\"widget\" data-widget_type=\"button.default\">\n\t\t\t\t<div class=\"elementor-widget-container\">\n\t\t\t\t\t\t\t\t\t<div class=\"elementor-button-wrapper\">\n\t\t\t\t\t<a class=\"elementor-button elementor-button-link elementor-size-sm\" href=\"https:\/\/mieuxvivremarvejols.fr\/wp-content\/uploads\/2025\/01\/CP-Contestation-AP-STEP-2025-01.pdf\" target=\"_blank\">\n\t\t\t\t\t\t<span class=\"elementor-button-content-wrapper\">\n\t\t\t\t\t\t<span class=\"elementor-button-icon\">\n\t\t\t\t<svg aria-hidden=\"true\" class=\"e-font-icon-svg e-far-file-pdf\" viewBox=\"0 0 384 512\" xmlns=\"http:\/\/www.w3.org\/2000\/svg\"><path d=\"M369.9 97.9L286 14C277 5 264.8-.1 252.1-.1H48C21.5 0 0 21.5 0 48v416c0 26.5 21.5 48 48 48h288c26.5 0 48-21.5 48-48V131.9c0-12.7-5.1-25-14.1-34zM332.1 128H256V51.9l76.1 76.1zM48 464V48h160v104c0 13.3 10.7 24 24 24h104v288H48zm250.2-143.7c-12.2-12-47-8.7-64.4-6.5-17.2-10.5-28.7-25-36.8-46.3 3.9-16.1 10.1-40.6 5.4-56-4.2-26.2-37.8-23.6-42.6-5.9-4.4 16.1-.4 38.5 7 67.1-10 23.9-24.9 56-35.4 74.4-20 10.3-47 26.2-51 46.2-3.3 15.8 26 55.2 76.1-31.2 22.4-7.4 46.8-16.5 68.4-20.1 18.9 10.2 41 17 55.8 17 25.5 0 28-28.2 17.5-38.7zm-198.1 77.8c5.1-13.7 24.5-29.5 30.4-35-19 30.3-30.4 35.7-30.4 35zm81.6-190.6c7.4 0 6.7 32.1 1.8 40.8-4.4-13.9-4.3-40.8-1.8-40.8zm-24.4 136.6c9.7-16.9 18-37 24.7-54.7 8.3 15.1 18.9 27.2 30.1 35.5-20.8 4.3-38.9 13.1-54.8 19.2zm131.6-5s-5 6-37.3-7.8c35.1-2.6 40.9 5.4 37.3 7.8z\"><\/path><\/svg>\t\t\t<\/span>\n\t\t\t\t\t\t\t\t\t<span class=\"elementor-button-text\">Voir le document<\/span>\n\t\t\t\t\t<\/span>\n\t\t\t\t\t<\/a>\n\t\t\t\t<\/div>\n\t\t\t\t\t\t\t\t<\/div>\n\t\t\t\t<\/div>\n\t\t\t\t<\/div>\n\t\t<div class=\"elementor-element elementor-element-e26a13f e-con-full e-flex e-con e-child\" data-id=\"e26a13f\" data-element_type=\"container\" data-e-type=\"container\" data-settings=\"{&quot;background_background&quot;:&quot;classic&quot;}\">\n\t\t\t\t<div class=\"elementor-element elementor-element-5ac0924 elementor-widget elementor-widget-image\" data-id=\"5ac0924\" data-element_type=\"widget\" data-e-type=\"widget\" data-widget_type=\"image.default\">\n\t\t\t\t<div class=\"elementor-widget-container\">\n\t\t\t\t\t\t\t\t\t\t\t\t\t\t\t<img decoding=\"async\" width=\"752\" height=\"774\" src=\"https:\/\/mieuxvivremarvejols.fr\/wp-content\/uploads\/2024\/12\/carte-de-voeux-2024-25.jpg\" class=\"attachment-large size-large wp-image-1184\" alt=\"\" srcset=\"https:\/\/mieuxvivremarvejols.fr\/wp-content\/uploads\/2024\/12\/carte-de-voeux-2024-25.jpg 752w, https:\/\/mieuxvivremarvejols.fr\/wp-content\/uploads\/2024\/12\/carte-de-voeux-2024-25-291x300.jpg 291w\" sizes=\"(max-width: 752px) 100vw, 752px\" \/>\t\t\t\t\t\t\t\t\t\t\t\t\t\t\t<\/div>\n\t\t\t\t<\/div>\n\t\t\t\t<div class=\"elementor-element elementor-element-f04feeb elementor-widget elementor-widget-heading\" data-id=\"f04feeb\" data-element_type=\"widget\" data-e-type=\"widget\" data-widget_type=\"heading.default\">\n\t\t\t\t<div class=\"elementor-widget-container\">\n\t\t\t\t\t<h2 class=\"elementor-heading-title elementor-size-default\">Nous sommes heureux d'avoir pu envoyer 145 cartes de v\u0153ux. \n\nA tous ceux dont nous n'avions pas les coordonn\u00e9es  ... \n\nMeilleurs v\u0153ux \u00e0 vous et \u00e0 votre famille pour 2025 !<\/h2>\t\t\t\t<\/div>\n\t\t\t\t<\/div>\n\t\t\t\t<\/div>\n\t\t<div class=\"elementor-element elementor-element-6491971 e-con-full e-flex e-con e-child\" data-id=\"6491971\" data-element_type=\"container\" data-e-type=\"container\" data-settings=\"{&quot;background_background&quot;:&quot;classic&quot;}\">\n\t\t\t\t<div class=\"elementor-element elementor-element-2c76d5c elementor-widget elementor-widget-heading\" data-id=\"2c76d5c\" data-element_type=\"widget\" data-e-type=\"widget\" data-widget_type=\"heading.default\">\n\t\t\t\t<div class=\"elementor-widget-container\">\n\t\t\t\t\t<h2 class=\"elementor-heading-title elementor-size-default\">Article dans la LN du 14 Dec 2024<\/h2>\t\t\t\t<\/div>\n\t\t\t\t<\/div>\n\t\t\t\t<div class=\"elementor-element elementor-element-6fdc3fc elementor-widget elementor-widget-image\" data-id=\"6fdc3fc\" data-element_type=\"widget\" data-e-type=\"widget\" data-widget_type=\"image.default\">\n\t\t\t\t<div class=\"elementor-widget-container\">\n\t\t\t\t\t\t\t\t\t\t\t\t\t\t\t<img loading=\"lazy\" decoding=\"async\" width=\"614\" height=\"1024\" src=\"https:\/\/mieuxvivremarvejols.fr\/wp-content\/uploads\/2024\/12\/LN_Ouverture-MVM_12-12-2024_1-614x1024.png\" class=\"attachment-large size-large wp-image-1167\" alt=\"\" srcset=\"https:\/\/mieuxvivremarvejols.fr\/wp-content\/uploads\/2024\/12\/LN_Ouverture-MVM_12-12-2024_1-614x1024.png 614w, https:\/\/mieuxvivremarvejols.fr\/wp-content\/uploads\/2024\/12\/LN_Ouverture-MVM_12-12-2024_1-180x300.png 180w, https:\/\/mieuxvivremarvejols.fr\/wp-content\/uploads\/2024\/12\/LN_Ouverture-MVM_12-12-2024_1-768x1280.png 768w, https:\/\/mieuxvivremarvejols.fr\/wp-content\/uploads\/2024\/12\/LN_Ouverture-MVM_12-12-2024_1-921x1536.png 921w, https:\/\/mieuxvivremarvejols.fr\/wp-content\/uploads\/2024\/12\/LN_Ouverture-MVM_12-12-2024_1.png 946w\" sizes=\"(max-width: 614px) 100vw, 614px\" \/>\t\t\t\t\t\t\t\t\t\t\t\t\t\t\t<\/div>\n\t\t\t\t<\/div>\n\t\t\t\t<\/div>\n\t\t<div class=\"elementor-element elementor-element-586f1c3 e-con-full e-flex e-con e-child\" data-id=\"586f1c3\" data-element_type=\"container\" data-e-type=\"container\" data-settings=\"{&quot;background_background&quot;:&quot;classic&quot;}\">\n\t\t\t\t<div class=\"elementor-element elementor-element-fe2de49 elementor-widget elementor-widget-heading\" data-id=\"fe2de49\" data-element_type=\"widget\" data-e-type=\"widget\" data-widget_type=\"heading.default\">\n\t\t\t\t<div class=\"elementor-widget-container\">\n\t\t\t\t\t<h2 class=\"elementor-heading-title elementor-size-default\">Securit\u00e9 - LN du 29 Sept 2024<\/h2>\t\t\t\t<\/div>\n\t\t\t\t<\/div>\n\t\t\t\t<div class=\"elementor-element elementor-element-6376151 elementor-widget elementor-widget-image\" data-id=\"6376151\" data-element_type=\"widget\" data-e-type=\"widget\" data-widget_type=\"image.default\">\n\t\t\t\t<div class=\"elementor-widget-container\">\n\t\t\t\t\t\t\t\t\t\t\t\t\t\t\t<img loading=\"lazy\" decoding=\"async\" width=\"947\" height=\"505\" src=\"https:\/\/mieuxvivremarvejols.fr\/wp-content\/uploads\/2024\/12\/LN_Lettre_Ouverte_Securite_Oct_2024.jpg\" class=\"attachment-large size-large wp-image-1113\" alt=\"\" srcset=\"https:\/\/mieuxvivremarvejols.fr\/wp-content\/uploads\/2024\/12\/LN_Lettre_Ouverte_Securite_Oct_2024.jpg 947w, https:\/\/mieuxvivremarvejols.fr\/wp-content\/uploads\/2024\/12\/LN_Lettre_Ouverte_Securite_Oct_2024-300x160.jpg 300w, https:\/\/mieuxvivremarvejols.fr\/wp-content\/uploads\/2024\/12\/LN_Lettre_Ouverte_Securite_Oct_2024-768x410.jpg 768w\" sizes=\"(max-width: 947px) 100vw, 947px\" \/>\t\t\t\t\t\t\t\t\t\t\t\t\t\t\t<\/div>\n\t\t\t\t<\/div>\n\t\t\t\t<div class=\"elementor-element elementor-element-e64d8e1 elementor-widget elementor-widget-text-editor\" data-id=\"e64d8e1\" data-element_type=\"widget\" data-e-type=\"widget\" data-widget_type=\"text-editor.default\">\n\t\t\t\t<div class=\"elementor-widget-container\">\n\t\t\t\t\t\t\t\t\t<p>Envoy\u00e9 a Mme le Maire, copie au Pr\u00e9fet et au Procureur de la R\u00e9publique.<br \/>Publi\u00e9 dans la LN du 3 Octobre 2024.<\/p>\t\t\t\t\t\t\t\t<\/div>\n\t\t\t\t<\/div>\n\t\t\t\t<div class=\"elementor-element elementor-element-6a0c1ca elementor-align-center elementor-widget elementor-widget-button\" data-id=\"6a0c1ca\" data-element_type=\"widget\" data-e-type=\"widget\" data-widget_type=\"button.default\">\n\t\t\t\t<div class=\"elementor-widget-container\">\n\t\t\t\t\t\t\t\t\t<div class=\"elementor-button-wrapper\">\n\t\t\t\t\t<a class=\"elementor-button elementor-button-link elementor-size-sm\" href=\"https:\/\/mieuxvivremarvejols.fr\/wp-content\/uploads\/2024\/12\/Lettre_ouverte_securite_marvejols_24-09-2024.pdf\" target=\"_blank\">\n\t\t\t\t\t\t<span class=\"elementor-button-content-wrapper\">\n\t\t\t\t\t\t<span class=\"elementor-button-icon\">\n\t\t\t\t<svg aria-hidden=\"true\" class=\"e-font-icon-svg e-far-file-pdf\" viewBox=\"0 0 384 512\" xmlns=\"http:\/\/www.w3.org\/2000\/svg\"><path d=\"M369.9 97.9L286 14C277 5 264.8-.1 252.1-.1H48C21.5 0 0 21.5 0 48v416c0 26.5 21.5 48 48 48h288c26.5 0 48-21.5 48-48V131.9c0-12.7-5.1-25-14.1-34zM332.1 128H256V51.9l76.1 76.1zM48 464V48h160v104c0 13.3 10.7 24 24 24h104v288H48zm250.2-143.7c-12.2-12-47-8.7-64.4-6.5-17.2-10.5-28.7-25-36.8-46.3 3.9-16.1 10.1-40.6 5.4-56-4.2-26.2-37.8-23.6-42.6-5.9-4.4 16.1-.4 38.5 7 67.1-10 23.9-24.9 56-35.4 74.4-20 10.3-47 26.2-51 46.2-3.3 15.8 26 55.2 76.1-31.2 22.4-7.4 46.8-16.5 68.4-20.1 18.9 10.2 41 17 55.8 17 25.5 0 28-28.2 17.5-38.7zm-198.1 77.8c5.1-13.7 24.5-29.5 30.4-35-19 30.3-30.4 35.7-30.4 35zm81.6-190.6c7.4 0 6.7 32.1 1.8 40.8-4.4-13.9-4.3-40.8-1.8-40.8zm-24.4 136.6c9.7-16.9 18-37 24.7-54.7 8.3 15.1 18.9 27.2 30.1 35.5-20.8 4.3-38.9 13.1-54.8 19.2zm131.6-5s-5 6-37.3-7.8c35.1-2.6 40.9 5.4 37.3 7.8z\"><\/path><\/svg>\t\t\t<\/span>\n\t\t\t\t\t\t\t\t\t<span class=\"elementor-button-text\">Voir le document<\/span>\n\t\t\t\t\t<\/span>\n\t\t\t\t\t<\/a>\n\t\t\t\t<\/div>\n\t\t\t\t\t\t\t\t<\/div>\n\t\t\t\t<\/div>\n\t\t\t\t<\/div>\n\t\t\t\t<\/div>\n\t\t<div class=\"elementor-element elementor-element-7f30b85 e-flex e-con-boxed e-con e-parent\" data-id=\"7f30b85\" data-element_type=\"container\" data-e-type=\"container\">\n\t\t\t\t\t<div class=\"e-con-inner\">\n\t\t\t\t<div class=\"elementor-element elementor-element-77bc6f3 elementor-widget-divider--view-line_icon elementor-view-default elementor-widget-divider--element-align-center elementor-widget elementor-widget-divider\" data-id=\"77bc6f3\" data-element_type=\"widget\" data-e-type=\"widget\" data-widget_type=\"divider.default\">\n\t\t\t\t<div class=\"elementor-widget-container\">\n\t\t\t\t\t\t\t<div class=\"elementor-divider\">\n\t\t\t<span class=\"elementor-divider-separator\">\n\t\t\t\t\t\t\t<div class=\"elementor-icon elementor-divider__element\">\n\t\t\t\t\t<svg aria-hidden=\"true\" class=\"e-font-icon-svg e-fas-scroll\" viewBox=\"0 0 640 512\" xmlns=\"http:\/\/www.w3.org\/2000\/svg\"><path d=\"M48 0C21.53 0 0 21.53 0 48v64c0 8.84 7.16 16 16 16h80V48C96 21.53 74.47 0 48 0zm208 412.57V352h288V96c0-52.94-43.06-96-96-96H111.59C121.74 13.41 128 29.92 128 48v368c0 38.87 34.65 69.65 74.75 63.12C234.22 474 256 444.46 256 412.57zM288 384v32c0 52.93-43.06 96-96 96h336c61.86 0 112-50.14 112-112 0-8.84-7.16-16-16-16H288z\"><\/path><\/svg><\/div>\n\t\t\t\t\t\t<\/span>\n\t\t<\/div>\n\t\t\t\t\t\t<\/div>\n\t\t\t\t<\/div>\n\t\t\t\t\t<\/div>\n\t\t\t\t<\/div>\n\t\t\t\t<\/div>\n\t\t","protected":false},"excerpt":{"rendered":"<p>articles, photos et bien d&rsquo;autres &#8230; Communiqu\u00e9 de presse &#8211; Janvier 2025 Recours en Annulation de l&rsquo;AP autorisant la nouvelle Station d\u2019\u00c9puration (STEP) de Marvejols Acc\u00e9dez a notre communiqu\u00e9 de presse, adress\u00e9 \u00e0 l&rsquo;ensemble des m\u00e9dias Loz\u00e9riens le 24 Janvier 2024 Voir le document Nous sommes heureux d&rsquo;avoir pu envoyer 145 cartes de v\u0153ux. A [&hellip;]<\/p>\n","protected":false},"author":1,"featured_media":0,"parent":0,"menu_order":0,"comment_status":"closed","ping_status":"closed","template":"","meta":{"ocean_post_layout":"full-width","ocean_both_sidebars_style":"","ocean_both_sidebars_content_width":0,"ocean_both_sidebars_sidebars_width":0,"ocean_sidebar":"","ocean_second_sidebar":"","ocean_disable_margins":"enable","ocean_add_body_class":"","ocean_shortcode_before_top_bar":"","ocean_shortcode_after_top_bar":"","ocean_shortcode_before_header":"","ocean_shortcode_after_header":"","ocean_has_shortcode":"","ocean_shortcode_after_title":"","ocean_shortcode_before_footer_widgets":"","ocean_shortcode_after_footer_widgets":"","ocean_shortcode_before_footer_bottom":"","ocean_shortcode_after_footer_bottom":"","ocean_display_top_bar":"off","ocean_display_header":"default","ocean_header_style":"","ocean_center_header_left_menu":"","ocean_custom_header_template":"","ocean_custom_logo":0,"ocean_custom_retina_logo":0,"ocean_custom_logo_max_width":0,"ocean_custom_logo_tablet_max_width":0,"ocean_custom_logo_mobile_max_width":0,"ocean_custom_logo_max_height":0,"ocean_custom_logo_tablet_max_height":0,"ocean_custom_logo_mobile_max_height":0,"ocean_header_custom_menu":"","ocean_menu_typo_font_family":"","ocean_menu_typo_font_subset":"","ocean_menu_typo_font_size":0,"ocean_menu_typo_font_size_tablet":0,"ocean_menu_typo_font_size_mobile":0,"ocean_menu_typo_font_size_unit":"px","ocean_menu_typo_font_weight":"","ocean_menu_typo_font_weight_tablet":"","ocean_menu_typo_font_weight_mobile":"","ocean_menu_typo_transform":"","ocean_menu_typo_transform_tablet":"","ocean_menu_typo_transform_mobile":"","ocean_menu_typo_line_height":0,"ocean_menu_typo_line_height_tablet":0,"ocean_menu_typo_line_height_mobile":0,"ocean_menu_typo_line_height_unit":"","ocean_menu_typo_spacing":0,"ocean_menu_typo_spacing_tablet":0,"ocean_menu_typo_spacing_mobile":0,"ocean_menu_typo_spacing_unit":"","ocean_menu_link_color":"","ocean_menu_link_color_hover":"","ocean_menu_link_color_active":"","ocean_menu_link_background":"","ocean_menu_link_hover_background":"","ocean_menu_link_active_background":"","ocean_menu_social_links_bg":"","ocean_menu_social_hover_links_bg":"","ocean_menu_social_links_color":"","ocean_menu_social_hover_links_color":"","ocean_disable_title":"on","ocean_disable_heading":"on","ocean_post_title":"","ocean_post_subheading":"","ocean_post_title_style":"background-image","ocean_post_title_background_color":"","ocean_post_title_background":1099,"ocean_post_title_bg_image_position":"center center","ocean_post_title_bg_image_attachment":"","ocean_post_title_bg_image_repeat":"no-repeat","ocean_post_title_bg_image_size":"","ocean_post_title_height":488,"ocean_post_title_bg_overlay":0.1,"ocean_post_title_bg_overlay_color":"","ocean_disable_breadcrumbs":"default","ocean_breadcrumbs_color":"","ocean_breadcrumbs_separator_color":"","ocean_breadcrumbs_links_color":"","ocean_breadcrumbs_links_hover_color":"","ocean_display_footer_widgets":"off","ocean_display_footer_bottom":"off","ocean_custom_footer_template":"","omw_enable_modal_window":"enable","ofc_meta_disable_footer_callout":"enable","ofc_meta_callout_button_url":"","ofc_meta_callout_button_txt":"","ofc_meta_callout_text":"","ofc_enable_fullscreen":"disable","ofc_fullscreen_speed":0,"ofc_fullscreen_nav":"enable","ofc_fullscreen_nav_pos":"right","ofc_fullscreen_nav_color":"","ofc_fullscreen_nav_tooltip_color":"","ofc_fullscreen_responsive":0,"osp_disable_panel":"default","osh_disable_topbar_sticky":"default","osh_disable_header_sticky":"default","osh_sticky_header_style":"default","osh_sticky_header_effect":"","osh_custom_sticky_logo":0,"osh_custom_retina_sticky_logo":0,"osh_custom_sticky_logo_height":0,"osh_background_color":"","osh_links_color":"","osh_links_hover_color":"","osh_links_active_color":"","osh_links_bg_color":"","osh_links_hover_bg_color":"","osh_links_active_bg_color":"","osh_menu_social_links_color":"","osh_menu_social_hover_links_color":"","footnotes":""},"class_list":["post-1051","page","type-page","status-publish","hentry","entry"],"_links":{"self":[{"href":"https:\/\/mieuxvivremarvejols.fr\/index.php\/wp-json\/wp\/v2\/pages\/1051"}],"collection":[{"href":"https:\/\/mieuxvivremarvejols.fr\/index.php\/wp-json\/wp\/v2\/pages"}],"about":[{"href":"https:\/\/mieuxvivremarvejols.fr\/index.php\/wp-json\/wp\/v2\/types\/page"}],"author":[{"embeddable":true,"href":"https:\/\/mieuxvivremarvejols.fr\/index.php\/wp-json\/wp\/v2\/users\/1"}],"replies":[{"embeddable":true,"href":"https:\/\/mieuxvivremarvejols.fr\/index.php\/wp-json\/wp\/v2\/comments?post=1051"}],"version-history":[{"count":120,"href":"https:\/\/mieuxvivremarvejols.fr\/index.php\/wp-json\/wp\/v2\/pages\/1051\/revisions"}],"predecessor-version":[{"id":1917,"href":"https:\/\/mieuxvivremarvejols.fr\/index.php\/wp-json\/wp\/v2\/pages\/1051\/revisions\/1917"}],"wp:attachment":[{"href":"https:\/\/mieuxvivremarvejols.fr\/index.php\/wp-json\/wp\/v2\/media?parent=1051"}],"curies":[{"name":"wp","href":"https:\/\/api.w.org\/{rel}","templated":true}]}}